{"id":214,"date":"2016-10-26T13:39:24","date_gmt":"2016-10-26T13:39:24","guid":{"rendered":"http:\/\/kernbohrtechnik-berlin.de\/?page_id=214"},"modified":"2025-03-03T15:41:00","modified_gmt":"2025-03-03T15:41:00","slug":"impressum","status":"publish","type":"page","link":"https:\/\/kernbohrtechnik-berlin.de\/?page_id=214","title":{"rendered":"Impressum"},"content":{"rendered":"<div class=\"wpb-content-wrapper\"><p>[vc_row][vc_column][vc_column_text]<strong>IMPRESSUM<\/strong><\/p>\n<p>Angaben gem\u00e4\u00df \u00a7 5 TMG:<\/p>\n<p>Dennis Seidel<br \/>\nKST Kernbohr- und S\u00e4getechnik<br \/>\nIm Bauernbusch 2<br \/>\n12355 Berlin<\/p>\n<p>Telefon: 030 \/ 54469492<br \/>\nE-Mail: info@kernbohrtechnik-berlin.de<\/p>\n<p><a href=\"https:\/\/123-berlin-design.de\/\">Website Design Agentur in Berlin<\/a> | 123 Berlin Design<\/p>\n<p>Berufsbezeichnung: Betonbohrer und -schneider<br \/>\nZust\u00e4ndige Kammer: Handwerkskammer Berlin<\/p>\n<p>Angaben zur Berufshaftpflichtversicherung:<br \/>\nName und Sitz der Gesellschaft:<br \/>\nVBS Versicherungsstelle<br \/>\nRonald Kessler, Tanja Kessler, Florian Bechtle GbR<br \/>\nPoststr. 44<br \/>\n71032 B\u00f6blingen<\/p>\n<p>Geltungsraum der Versicherung:<br \/>\nDeutschland<\/p>\n<p>Quelle: https:\/\/www.e-recht24.de<\/p>\n<p>Haftungsausschluss (Disclaimer)<\/p>\n<p>Haftung f\u00fcr Inhalte<br \/>\nAls Diensteanbieter sind wir gem\u00e4\u00df \u00a7 7 Abs.1 TMG f\u00fcr eigene Inhalte auf diesen Seiten nach den allgemeinen Gesetzen verantwortlich. Nach \u00a7\u00a7 8 bis 10 TMG sind wir als Diensteanbieter jedoch nicht verpflichtet, \u00fcbermittelte oder gespeicherte fremde Informationen zu \u00fcberwachen oder nach Umst\u00e4nden zu forschen, die auf eine rechtswidrige T\u00e4tigkeit hinweisen.<\/p>\n<p>Verpflichtungen zur Entfernung oder Sperrung der Nutzung von Informationen nach den allgemeinen Gesetzen bleiben hiervon unber\u00fchrt. Eine diesbez\u00fcgliche Haftung ist jedoch erst ab dem Zeitpunkt der Kenntnis einer konkreten Rechtsverletzung m\u00f6glich. Bei Bekanntwerden von entsprechenden Rechtsverletzungen werden wir diese Inhalte umgehend entfernen.<\/p>\n<p>Haftung f\u00fcr Links<\/p>\n<p>Unser Angebot enth\u00e4lt Links zu externen Webseiten Dritter, auf deren Inhalte wir keinen Einfluss haben. Deshalb k\u00f6nnen wir f\u00fcr diese fremden Inhalte auch keine Gew\u00e4hr \u00fcbernehmen. F\u00fcr die Inhalte der verlinkten Seiten ist stets der jeweilige Anbieter oder Betreiber der Seiten verantwortlich. Die verlinkten Seiten wurden zum Zeitpunkt der Verlinkung auf m\u00f6gliche Rechtsverst\u00f6\u00dfe \u00fcberpr\u00fcft. Rechtswidrige Inhalte waren zum Zeitpunkt der Verlinkung nicht erkennbar.<\/p>\n<p>Eine permanente inhaltliche Kontrolle der verlinkten Seiten ist jedoch ohne konkrete Anhaltspunkte einer Rechtsverletzung nicht zumutbar. Bei Bekanntwerden von Rechtsverletzungen werden wir derartige Links umgehend entfernen.<\/p>\n<p>Urheberrecht<\/p>\n<p>Die durch die Seitenbetreiber erstellten Inhalte und Werke auf diesen Seiten unterliegen dem deutschen Urheberrecht. Die Vervielf\u00e4ltigung, Bearbeitung, Verbreitung und jede Art der Verwertung au\u00dferhalb der Grenzen des Urheberrechtes bed\u00fcrfen der schriftlichen Zustimmung des jeweiligen Autors bzw. Erstellers. Downloads und Kopien dieser Seite sind nur f\u00fcr den privaten, nicht kommerziellen Gebrauch gestattet.<\/p>\n<p>Soweit die Inhalte auf dieser Seite nicht vom Betreiber erstellt wurden, werden die Urheberrechte Dritter beachtet. Insbesondere werden Inhalte Dritter als solche gekennzeichnet. Sollten Sie trotzdem auf eine Urheberrechtsverletzung aufmerksam werden, bitten wir um einen entsprechenden Hinweis. Bei Bekanntwerden von Rechtsverletzungen werden wir derartige Inhalte umgehend entfernen.[\/vc_column_text][vc_column_text]Quellen f\u00fcr verwendete Bilder und Grafiken[\/vc_column_text][\/vc_column][\/vc_row][vc_row][vc_column width=&#8220;1\/6&#8243;][vc_column_text]Agentur: Fotolia<br \/>\nAutor: \u00a9 resket<br \/>\nBildnummer: 100593480<br \/>\n<span style=\"color: #99cc00;\"><a style=\"color: #99cc00;\" href=\"https:\/\/de.fotolia.com\/id\/100593480\">Link zum Bild<\/a><\/span>[\/vc_column_text][\/vc_column][vc_column width=&#8220;1\/6&#8243;][vc_column_text]Agentur: Fotolia<br \/>\nAutor: \u00a9 Kadmy<br \/>\nBildnummer: 72871671<br \/>\n<span style=\"color: #99cc00;\"><a style=\"color: #99cc00;\" href=\"https:\/\/de.fotolia.com\/id\/72871671\">Link zum Bild<\/a><\/span>[\/vc_column_text][\/vc_column][vc_column width=&#8220;1\/6&#8243;][vc_column_text]Agentur: Fotolia<br \/>\nAutor: \u00a9 aknarin<br \/>\nBildnummer: 102433662<br \/>\n<span style=\"color: #99cc00;\"><a style=\"color: #99cc00;\" href=\"https:\/\/de.fotolia.com\/id\/102433662\">Link zum Bild<\/a><\/span>[\/vc_column_text][\/vc_column][vc_column width=&#8220;1\/6&#8243;][vc_column_text]Agentur: Fotolia<br \/>\nAutor: \u00a9 VRD<br \/>\nBildnummer: 20705881<br \/>\n<span style=\"color: #99cc00;\"><a style=\"color: #99cc00;\" href=\"https:\/\/de.fotolia.com\/id\/100593480\">Link zum Bild<\/a><\/span>[\/vc_column_text][\/vc_column][vc_column width=&#8220;1\/6&#8243;][\/vc_column][vc_column width=&#8220;1\/6&#8243;][\/vc_column][\/vc_row][vc_row][vc_column][\/vc_column][\/vc_row]<\/p>\n<\/div>","protected":false},"excerpt":{"rendered":"<p>[vc_row][vc_column][vc_column_text]IMPRESSUM Angaben gem\u00e4\u00df \u00a7 5 TMG: Dennis Seidel KST Kernbohr- und S\u00e4getechnik Im Bauernbusch 2 12355 Berlin Telefon: 030 \/ 54469492 E-Mail: info@kernbohrtechnik-berlin.de Website Design Agentur in Berlin | 123 Berlin Design Berufsbezeichnung: Betonbohrer und -schneider Zust\u00e4ndige Kammer: Handwerkskammer Berlin Angaben zur Berufshaftpflichtversicherung: Name und Sitz der Gesellschaft: VBS Versicherungsstelle Ronald Kessler, Tanja Kessler, Florian [&hellip;]<\/p>\n","protected":false},"author":1,"featured_media":0,"parent":0,"menu_order":0,"comment_status":"closed","ping_status":"closed","template":"","meta":{"footnotes":""},"yoast_head":"<!-- This site is optimized with the Yoast SEO plugin v22.6 - https:\/\/yoast.com\/wordpress\/plugins\/seo\/ -->\n<title>Impressum - Kernbohrtechnik Berlin<\/title>\n<meta name=\"robots\" content=\"index, follow, max-snippet:-1, max-image-preview:large, max-video-preview:-1\" \/>\n<link rel=\"canonical\" href=\"https:\/\/kernbohrtechnik-berlin.de\/?page_id=214\" \/>\n<meta property=\"og:locale\" content=\"de_DE\" \/>\n<meta property=\"og:type\" content=\"article\" \/>\n<meta property=\"og:title\" content=\"Impressum - Kernbohrtechnik Berlin\" \/>\n<meta property=\"og:description\" content=\"[vc_row][vc_column][vc_column_text]IMPRESSUM Angaben gem\u00e4\u00df \u00a7 5 TMG: Dennis Seidel KST Kernbohr- und S\u00e4getechnik Im Bauernbusch 2 12355 Berlin Telefon: 030 \/ 54469492 E-Mail: info@kernbohrtechnik-berlin.de Website Design Agentur in Berlin | 123 Berlin Design Berufsbezeichnung: Betonbohrer und -schneider Zust\u00e4ndige Kammer: Handwerkskammer Berlin Angaben zur Berufshaftpflichtversicherung: Name und Sitz der Gesellschaft: VBS Versicherungsstelle Ronald Kessler, Tanja Kessler, Florian [&hellip;]\" \/>\n<meta property=\"og:url\" content=\"https:\/\/kernbohrtechnik-berlin.de\/?page_id=214\" \/>\n<meta property=\"og:site_name\" content=\"Kernbohrtechnik Berlin\" \/>\n<meta property=\"article:modified_time\" content=\"2025-03-03T15:41:00+00:00\" \/>\n<meta name=\"twitter:card\" content=\"summary_large_image\" \/>\n<meta name=\"twitter:label1\" content=\"Gesch\u00e4tzte Lesezeit\" \/>\n\t<meta name=\"twitter:data1\" content=\"3 Minuten\" \/>\n<script type=\"application\/ld+json\" class=\"yoast-schema-graph\">{\"@context\":\"https:\/\/schema.org\",\"@graph\":[{\"@type\":\"WebPage\",\"@id\":\"https:\/\/kernbohrtechnik-berlin.de\/?page_id=214\",\"url\":\"https:\/\/kernbohrtechnik-berlin.de\/?page_id=214\",\"name\":\"Impressum - Kernbohrtechnik Berlin\",\"isPartOf\":{\"@id\":\"https:\/\/kernbohrtechnik-berlin.de\/#website\"},\"datePublished\":\"2016-10-26T13:39:24+00:00\",\"dateModified\":\"2025-03-03T15:41:00+00:00\",\"breadcrumb\":{\"@id\":\"https:\/\/kernbohrtechnik-berlin.de\/?page_id=214#breadcrumb\"},\"inLanguage\":\"de-DE\",\"potentialAction\":[{\"@type\":\"ReadAction\",\"target\":[\"https:\/\/kernbohrtechnik-berlin.de\/?page_id=214\"]}]},{\"@type\":\"BreadcrumbList\",\"@id\":\"https:\/\/kernbohrtechnik-berlin.de\/?page_id=214#breadcrumb\",\"itemListElement\":[{\"@type\":\"ListItem\",\"position\":1,\"name\":\"Startseite\",\"item\":\"https:\/\/kernbohrtechnik-berlin.de\/\"},{\"@type\":\"ListItem\",\"position\":2,\"name\":\"Impressum\"}]},{\"@type\":\"WebSite\",\"@id\":\"https:\/\/kernbohrtechnik-berlin.de\/#website\",\"url\":\"https:\/\/kernbohrtechnik-berlin.de\/\",\"name\":\"Kernbohrtechnik Berlin\",\"description\":\"\",\"potentialAction\":[{\"@type\":\"SearchAction\",\"target\":{\"@type\":\"EntryPoint\",\"urlTemplate\":\"https:\/\/kernbohrtechnik-berlin.de\/?s={search_term_string}\"},\"query-input\":\"required name=search_term_string\"}],\"inLanguage\":\"de-DE\"}]}<\/script>\n<!-- \/ Yoast SEO plugin. -->","yoast_head_json":{"title":"Impressum - Kernbohrtechnik Berlin","robots":{"index":"index","follow":"follow","max-snippet":"max-snippet:-1","max-image-preview":"max-image-preview:large","max-video-preview":"max-video-preview:-1"},"canonical":"https:\/\/kernbohrtechnik-berlin.de\/?page_id=214","og_locale":"de_DE","og_type":"article","og_title":"Impressum - Kernbohrtechnik Berlin","og_description":"[vc_row][vc_column][vc_column_text]IMPRESSUM Angaben gem\u00e4\u00df \u00a7 5 TMG: Dennis Seidel KST Kernbohr- und S\u00e4getechnik Im Bauernbusch 2 12355 Berlin Telefon: 030 \/ 54469492 E-Mail: info@kernbohrtechnik-berlin.de Website Design Agentur in Berlin | 123 Berlin Design Berufsbezeichnung: Betonbohrer und -schneider Zust\u00e4ndige Kammer: Handwerkskammer Berlin Angaben zur Berufshaftpflichtversicherung: Name und Sitz der Gesellschaft: VBS Versicherungsstelle Ronald Kessler, Tanja Kessler, Florian [&hellip;]","og_url":"https:\/\/kernbohrtechnik-berlin.de\/?page_id=214","og_site_name":"Kernbohrtechnik Berlin","article_modified_time":"2025-03-03T15:41:00+00:00","twitter_card":"summary_large_image","twitter_misc":{"Gesch\u00e4tzte Lesezeit":"3 Minuten"},"schema":{"@context":"https:\/\/schema.org","@graph":[{"@type":"WebPage","@id":"https:\/\/kernbohrtechnik-berlin.de\/?page_id=214","url":"https:\/\/kernbohrtechnik-berlin.de\/?page_id=214","name":"Impressum - Kernbohrtechnik Berlin","isPartOf":{"@id":"https:\/\/kernbohrtechnik-berlin.de\/#website"},"datePublished":"2016-10-26T13:39:24+00:00","dateModified":"2025-03-03T15:41:00+00:00","breadcrumb":{"@id":"https:\/\/kernbohrtechnik-berlin.de\/?page_id=214#breadcrumb"},"inLanguage":"de-DE","potentialAction":[{"@type":"ReadAction","target":["https:\/\/kernbohrtechnik-berlin.de\/?page_id=214"]}]},{"@type":"BreadcrumbList","@id":"https:\/\/kernbohrtechnik-berlin.de\/?page_id=214#breadcrumb","itemListElement":[{"@type":"ListItem","position":1,"name":"Startseite","item":"https:\/\/kernbohrtechnik-berlin.de\/"},{"@type":"ListItem","position":2,"name":"Impressum"}]},{"@type":"WebSite","@id":"https:\/\/kernbohrtechnik-berlin.de\/#website","url":"https:\/\/kernbohrtechnik-berlin.de\/","name":"Kernbohrtechnik Berlin","description":"","potentialAction":[{"@type":"SearchAction","target":{"@type":"EntryPoint","urlTemplate":"https:\/\/kernbohrtechnik-berlin.de\/?s={search_term_string}"},"query-input":"required name=search_term_string"}],"inLanguage":"de-DE"}]}},"_links":{"self":[{"href":"https:\/\/kernbohrtechnik-berlin.de\/index.php?rest_route=\/wp\/v2\/pages\/214"}],"collection":[{"href":"https:\/\/kernbohrtechnik-berlin.de\/index.php?rest_route=\/wp\/v2\/pages"}],"about":[{"href":"https:\/\/kernbohrtechnik-berlin.de\/index.php?rest_route=\/wp\/v2\/types\/page"}],"author":[{"embeddable":true,"href":"https:\/\/kernbohrtechnik-berlin.de\/index.php?rest_route=\/wp\/v2\/users\/1"}],"replies":[{"embeddable":true,"href":"https:\/\/kernbohrtechnik-berlin.de\/index.php?rest_route=%2Fwp%2Fv2%2Fcomments&post=214"}],"version-history":[{"count":11,"href":"https:\/\/kernbohrtechnik-berlin.de\/index.php?rest_route=\/wp\/v2\/pages\/214\/revisions"}],"predecessor-version":[{"id":247,"href":"https:\/\/kernbohrtechnik-berlin.de\/index.php?rest_route=\/wp\/v2\/pages\/214\/revisions\/247"}],"wp:attachment":[{"href":"https:\/\/kernbohrtechnik-berlin.de\/index.php?rest_route=%2Fwp%2Fv2%2Fmedia&parent=214"}],"curies":[{"name":"wp","href":"https:\/\/api.w.org\/{rel}","templated":true}]}}